{"id":455,"date":"2016-07-21T16:56:38","date_gmt":"2016-07-21T14:56:38","guid":{"rendered":"http:\/\/lillycat-dolls.com\/shop_v4\/?post_type=product&#038;p=455"},"modified":"2018-03-14T11:43:20","modified_gmt":"2018-03-14T10:43:20","slug":"lyse-fullset-n2","status":"publish","type":"product","link":"https:\/\/www.lillycat-dolls.com\/shop_v4\/product\/lyse-fullset-n2\/","title":{"rendered":"Lyse fullset n\u00b02"},"content":{"rendered":"<p><strong>Lyse \u00e9dition limit\u00e9e.<\/strong><br \/>\n<strong>Set n\u00b02, 7 poup\u00e9es disponibles.<\/strong><br \/>\nPour cette \u00e9dition Lyse est disponible pour la premi\u00e8re fois en couleur gris violet et avec le buste mature.<br \/>\nNous avons \u00e9galement fait appel \u00e0 des artistes de grand talent : Tanja Huntus, and Esthy.<\/p>\n<p><strong>Inclus dans le set :<\/strong><br \/>\n\u2022 Une poup\u00e9e Lyse compl\u00e8te, mont\u00e9e et ponc\u00e9e, avec maquillage par Esthy.<br \/>\n\u2022 Couleur de r\u00e9sine \u201cGris violet\u201d en r\u00e9sine environnementale.<br \/>\n\u2022 Des yeux en verre de 12 mm, couleur &#8220;bleu electrique&#8221;.<br \/>\n\u2022 Fullset complet comprenant la tenue pr\u00e9sent\u00e9e sur les photos, r\u00e9alis\u00e9e par Tanja Huntus sp\u00e9cialement pour \u00a0cette \u00e9dition limit\u00e9e. Perruque incluse.<br \/>\n\u2022 Un certificat d\u2019authenticit\u00e9.<br \/>\n\u2022 En cadeau un sac Cerisedolls.<\/p>\n<p><span style=\"color: #ff488e\"><b><i>Out of stock.\u00a0<\/i><\/b><\/span><\/p>\n<p><span style=\"color: #ff488e\"><em><strong><img loading=\"lazy\" decoding=\"async\" src=\"http:\/\/lillycat-dolls.com\/shop\/images\/lyselimited\/set2\/1.jpg\" alt=\"lyse\" width=\"655\" height=\"437\" \/><\/strong><\/em><\/span><\/p>\n<p><span style=\"color: #ff488e\"><em><strong><img loading=\"lazy\" decoding=\"async\" src=\"http:\/\/lillycat-dolls.com\/shop\/images\/lyselimited\/set2\/2.jpg\" alt=\"lyse\" width=\"655\" height=\"982\" \/><\/strong><\/em><\/span><\/p>\n<p><span style=\"color: #ff488e\"><em><strong><img loading=\"lazy\" decoding=\"async\" src=\"http:\/\/lillycat-dolls.com\/shop\/images\/lyselimited\/set2\/3.jpg\" alt=\"lyse\" width=\"655\" height=\"437\" \/><\/strong><\/em><\/span><\/p>\n<p><span style=\"color: #ff488e\"><em><strong><img loading=\"lazy\" decoding=\"async\" src=\"http:\/\/lillycat-dolls.com\/shop\/images\/lyselimited\/set2\/4.jpg\" alt=\"lyse\" width=\"655\" height=\"983\" \/><\/strong><\/em><\/span><\/p>\n<p><span style=\"color: #ff488e\"><em><strong><img loading=\"lazy\" decoding=\"async\" src=\"http:\/\/lillycat-dolls.com\/shop\/images\/lyselimited\/set2\/5.jpg\" alt=\"lyse\" width=\"655\" height=\"983\" \/><\/strong><\/em><\/span><\/p>\n<p><span style=\"color: #ff488e\"><em><strong><img loading=\"lazy\" decoding=\"async\" src=\"http:\/\/lillycat-dolls.com\/shop\/images\/lyselimited\/set2\/7.jpg\" alt=\"lyse\" width=\"655\" height=\"437\" \/><\/strong><\/em><\/span><\/p>\n<p><span style=\"color: #ff488e\"><em><strong><img loading=\"lazy\" decoding=\"async\" src=\"http:\/\/lillycat-dolls.com\/shop\/images\/lyselimited\/set2\/8.jpg\" alt=\"lyse\" width=\"655\" height=\"983\" \/><\/strong><\/em><\/span><\/p>\n<p><span style=\"color: #ff488e\"><em><strong><img loading=\"lazy\" decoding=\"async\" src=\"http:\/\/lillycat-dolls.com\/shop\/images\/lyselimited\/set2\/6.jpg\" alt=\"lyse\" width=\"655\" height=\"983\" \/><\/strong><\/em><\/span><\/p>\n<p><span style=\"line-height: 1.5em\">\u00a0<\/span><\/p>\n","protected":false},"excerpt":{"rendered":"<p><strong>Cerisedolls Lyse \u00e9dition limit\u00e9e set n\u00b02.<\/strong><\/p>\n<p><strong>Out of stock.\u00a0<\/strong><\/p>\n","protected":false},"featured_media":456,"comment_status":"open","ping_status":"closed","template":"","meta":[],"product_cat":[9,45,48],"product_tag":[],"_links":{"self":[{"href":"https:\/\/www.lillycat-dolls.com\/shop_v4\/wp-json\/wp\/v2\/product\/455"}],"collection":[{"href":"https:\/\/www.lillycat-dolls.com\/shop_v4\/wp-json\/wp\/v2\/product"}],"about":[{"href":"https:\/\/www.lillycat-dolls.com\/shop_v4\/wp-json\/wp\/v2\/types\/product"}],"replies":[{"embeddable":true,"href":"https:\/\/www.lillycat-dolls.com\/shop_v4\/wp-json\/wp\/v2\/comments?post=455"}],"wp:featuredmedia":[{"embeddable":true,"href":"https:\/\/www.lillycat-dolls.com\/shop_v4\/wp-json\/wp\/v2\/media\/456"}],"wp:attachment":[{"href":"https:\/\/www.lillycat-dolls.com\/shop_v4\/wp-json\/wp\/v2\/media?parent=455"}],"wp:term":[{"taxonomy":"product_cat","embeddable":true,"href":"https:\/\/www.lillycat-dolls.com\/shop_v4\/wp-json\/wp\/v2\/product_cat?post=455"},{"taxonomy":"product_tag","embeddable":true,"href":"https:\/\/www.lillycat-dolls.com\/shop_v4\/wp-json\/wp\/v2\/product_tag?post=455"}],"curies":[{"name":"wp","href":"https:\/\/api.w.org\/{rel}","templated":true}]}}